{"id":205,"date":"2022-08-16T15:26:27","date_gmt":"2022-08-16T20:26:27","guid":{"rendered":"https:\/\/infinitos.digital\/castiza\/?page_id=205"},"modified":"2022-08-17T22:47:49","modified_gmt":"2022-08-18T03:47:49","slug":"terminos-y-condiciones","status":"publish","type":"page","link":"https:\/\/sangritacastiza.com\/en\/terminos-y-condiciones\/","title":{"rendered":"terms and conditions"},"content":{"rendered":"<div data-elementor-type=\"wp-page\" data-elementor-id=\"205\" class=\"elementor elementor-205\" data-elementor-post-type=\"page\">\n\t\t\t\t\t\t<section class=\"elementor-section elementor-top-section elementor-element elementor-element-d33300a elementor-section-full_width elementor-section-stretched elementor-section-height-default elementor-section-height-default\" data-id=\"d33300a\" data-element_type=\"section\" data-e-type=\"section\" data-settings=\"{&quot;stretch_section&quot;:&quot;section-stretched&quot;,&quot;background_background&quot;:&quot;classic&quot;}\">\n\t\t\t\t\t\t<div class=\"elementor-container elementor-column-gap-default\">\n\t\t\t\t\t<div class=\"elementor-column elementor-col-100 elementor-top-column elementor-element elementor-element-0487f59\" data-id=\"0487f59\" data-element_type=\"column\" data-e-type=\"column\">\n\t\t\t<div class=\"elementor-widget-wrap elementor-element-populated\">\n\t\t\t\t\t\t<div class=\"elementor-element elementor-element-5742926 elementor-widget elementor-widget-heading\" data-id=\"5742926\" data-element_type=\"widget\" data-e-type=\"widget\" data-widget_type=\"heading.default\">\n\t\t\t\t<div class=\"elementor-widget-container\">\n\t\t\t\t\t<h2 class=\"elementor-heading-title elementor-size-default\">terms and conditions<\/h2>\t\t\t\t<\/div>\n\t\t\t\t<\/div>\n\t\t\t\t<div class=\"elementor-element elementor-element-0af13a8 elementor-widget elementor-widget-image\" data-id=\"0af13a8\" data-element_type=\"widget\" data-e-type=\"widget\" data-widget_type=\"image.default\">\n\t\t\t\t<div class=\"elementor-widget-container\">\n\t\t\t\t\t\t\t\t\t\t\t\t\t\t\t<img decoding=\"async\" data-src=\"https:\/\/sangritacastiza.com\/wp-content\/uploads\/2022\/08\/laurel.jpg\" title=\"\" alt=\"\" src=\"data:image\/gif;base64,R0lGODlhAQABAAAAACH5BAEKAAEALAAAAAABAAEAAAICTAEAOw==\" class=\"lazyload\" style=\"--smush-placeholder-width: 142px; --smush-placeholder-aspect-ratio: 142\/34;\" \/><noscript><img decoding=\"async\" src=\"https:\/\/sangritacastiza.com\/wp-content\/uploads\/2022\/08\/laurel.jpg\" title=\"\" alt=\"\" loading=\"lazy\" \/><\/noscript>\t\t\t\t\t\t\t\t\t\t\t\t\t\t\t<\/div>\n\t\t\t\t<\/div>\n\t\t\t\t<div class=\"elementor-element elementor-element-6b878de elementor-widget elementor-widget-text-editor\" data-id=\"6b878de\" data-element_type=\"widget\" data-e-type=\"widget\" data-widget_type=\"text-editor.default\">\n\t\t\t\t<div class=\"elementor-widget-container\">\n\t\t\t\t\t\t\t\t\t<p>Al realizar alguna compra en \u201cBienestar L\u00edquido\u201d, estar\u00e1s aceptando los siguientes t\u00e9rminos y condiciones:<\/p><ol><li>Al visitar \u201cBienestar L\u00edquido\u201d quedar\u00e1s sujeto(a) a los lineamientos, derechos, as\u00ed como a las restricciones aqu\u00ed mencionadas.<\/li><li>Bienestar L\u00edquido, Sociedad An\u00f3nima de Capital Variable (en adelante \u201cBienestar L\u00edquido\u201d) se reserva el derecho de realizar alguna modificaci\u00f3n en el presente documento al momento y bajo las circunstancias que m\u00e1s le convenga, resultando dichos cambios vigentes en el momento mismo de su publicaci\u00f3n.<\/li><\/ol><p><b>Aceptaci\u00f3n de t\u00e9rminos legales:<\/b><\/p><p>Tanto el contenido y servicios que ofrece nuestra p\u00e1gina, est\u00e1 reservada y dirigida \u00fanicamente al p\u00fablico mayor de edad. Queda bajo responsabilidad de los padres, supervisar la conducta de aquellos menores de edad que ingresen al sitio.<\/p><p>Bienestar L\u00edquido, podr\u00e1 cancelar tu cuenta en caso de detectarse el uso indebido del sitio y de los servicios que se ofrecen en la p\u00e1gina, entendiendo como uso indebido de manera enunciativa, m\u00e1s no limitativa, los siguientes supuestos:<\/p><ol><li>Utilizar la tienda en l\u00ednea para revender productos y cualquier otro uso comercial de los contenidos del sitio.<\/li><li>El manejo de mecanismos automatizados o similares, cuyo objetivo sea realizar la extracci\u00f3n, obtenci\u00f3n o recopilaci\u00f3n, directa o indirecta, de informaci\u00f3n contenida en la p\u00e1gina de la tienda en l\u00ednea.<\/li><li>Cualquier intento de modificaci\u00f3n, adaptaci\u00f3n o conversi\u00f3n de formatos de la tienda en l\u00ednea o bien, a los contenidos del mismo.<\/li><li>Recopilaci\u00f3n y modificaci\u00f3n de las descripciones de los productos.<\/li><li>Interferir el servicio a cualquier usuario a trav\u00e9s del env\u00edo de virus, spam, o fallas a trav\u00e9s de la tienda en l\u00ednea.<\/li><li>La realizaci\u00f3n de actividades fraudulentas como formas de pago o la falsificaci\u00f3n de identidades.<\/li><\/ol><p>En caso de requerir alguna aclaraci\u00f3n respecto al uso de la p\u00e1gina de la tienda en l\u00ednea, as\u00ed como de sus\u00a0<b>T\u00c9RMINOS Y CONDICIONES<\/b>, ponemos a tu disposici\u00f3n nuestro Centro de Atenci\u00f3n a Clientes en la CDMX al 5532242771.<\/p><p><b>Formas de\u00a0Pago en L\u00ednea:<\/b><\/p><p>Para realizar el pago en l\u00ednea deber\u00e1s haber proporcionado a trav\u00e9s de la p\u00e1gina de la tienda en l\u00ednea tel\u00e9fono, tu domicilio y tu correo electr\u00f3nico; as\u00ed como los datos referentes a tu tarjeta de cr\u00e9dito, incluyendo:<\/p><ol><li>N\u00famero de tarjeta<\/li><li>Nombre del titular<\/li><li>Fecha de vencimiento y,<\/li><li>C\u00f3digo de seguridad de la tarjeta.<\/li><\/ol><p>Una vez realizado el pedido se enviar\u00e1 a tu correo electr\u00f3nico los siguientes datos:<\/p><ol><li>N\u00famero del pedido y detalles del\/los producto(s), esto no significa que el pago ya fue procesado o bien autorizado por el banco o por los medios de pago de su elecci\u00f3n, ni que el pedido ya fue confirmado.<\/li><li>Cuando el pago sea autorizado y\/o autenticado te enviaremos otro correo electr\u00f3nico con la confirmaci\u00f3n del pedido y los detalles de la compra.<\/li><\/ol><p>En caso que a Bienestar L\u00edquido no le sea posible autorizar y\/o autenticar el pago, por seguridad se detendr\u00e1 el proceso de compra, por lo que se te informar\u00e1 esta situaci\u00f3n a trav\u00e9s de los medios de contacto que proporciones al momento de tu registro.<\/p><p>Si por alg\u00fan motivo tu banco determina que no es posible completar la transacci\u00f3n, pero ya fue efectuado alg\u00fan cargo a tu tarjeta, se emitir\u00e1 un reembolso por el mismo importe y forma de pago.<\/p><p>En caso de que Bienestar L\u00edquido requiera informaci\u00f3n adicional para la aceptaci\u00f3n de tu pedido, se te contactar\u00e1 v\u00eda telef\u00f3nica en un lapso de 24 a 48 horas posteriores a tu compra.<\/p><p>Hacemos de tu conocimiento que la p\u00e1gina de la tienda en l\u00ednea de Bienestar L\u00edquido no almacenar\u00e1 la informaci\u00f3n de tu tarjeta de cr\u00e9dito, por lo que dichos datos deber\u00e1n ser proporcionados directamente por ti.<\/p><p><b>\u00a0<\/b><b>Pol\u00edticas de Pago<\/b><\/p><ol><li>Bienestar L\u00edquido se reservar\u00e1 el derecho de solicitar documentos oficiales a los clientes, lo anterior como medio de validaci\u00f3n al proceso de adquisici\u00f3n de productos a trav\u00e9s de su sitio en Internet.<\/li><li>El n\u00famero de orden que se asigna al realizar la transacci\u00f3n en la p\u00e1gina en l\u00ednea de Bienestar L\u00edquido no implica la aceptaci\u00f3n de la transacci\u00f3n. En caso de tener alg\u00fan problema con tu pedido, esta situaci\u00f3n te ser\u00e1 comunicada por correo electr\u00f3nico o v\u00eda telef\u00f3nica.<\/li><\/ol><p><b>Disponibilidad de Mercanc\u00eda y Existencias<\/b><\/p><p>Si el tiempo de entrega no es de tu satisfacci\u00f3n, podr\u00e1s solicitar la cancelaci\u00f3n de la orden. Todos los productos que se ofrecen en el sitio de internet se encuentran sujetos a disponibilidad.<\/p><p><b>Precios<\/b><\/p><ol><li>Los precios publicados en la p\u00e1gina de la tienda en l\u00ednea son exclusivos para este servicio y pueden cambiar sin previo aviso.<\/li><li>En caso de no aparecer el precio del\/los producto(s) que deseas por ninguna raz\u00f3n se entender\u00e1 que \u00e9stos no tengan un precio o que se regalen. Todos los pedidos que se realicen bajo esta situaci\u00f3n ser\u00e1n cancelados sin previo aviso.<\/li><\/ol><p><b>\u00a0<\/b><b>Env\u00edo de Productos<\/b><\/p><ol><li>El tiempo de entrega iniciar\u00e1 a partir de la confirmaci\u00f3n del pago por parte de tu banco, el cual te ser\u00e1 notificado mediante correo electr\u00f3nico en un periodo m\u00e1ximo de 24 horas.<\/li><li>Bienestar L\u00edquido se compromete a entregarte el\/los producto(s) en el tiempo establecido, en funci\u00f3n a la programaci\u00f3n disponible y la accesibilidad del destino.<\/li><li>Solo en circunstancias especiales, Bienestar L\u00edquido realizar\u00e1 la entrega a trav\u00e9s de compa\u00f1\u00edas transportistas.<\/li><li>El Costo del Flete ser\u00e1 especificado en la compra y podr\u00e1 ser gratuito siempre y cuando se especifique en la unidad establecida de compra.<\/li><li>Al momento de la recepci\u00f3n del producto, se te entregar\u00e1 junto con la mercanc\u00eda, la factura del pedido e igualmente ser\u00e1 entregada v\u00eda correo electr\u00f3nico a la direcci\u00f3n electr\u00f3nica que hayas brindado.<\/li><\/ol><p><b>Facturaci\u00f3n<\/b><\/p><ol><li>En caso de requerir factura por el importe total de tus compras y no lo solicitaste al ingresar a nuestro sitio, podr\u00e1s solicitarlo al correo mavelar@bliquido.com. Deber\u00e1s enviar tu n\u00famero de orden, nombre o raz\u00f3n social, RFC y domicilio fiscal completo. Los datos deber\u00e1n ser enviados dentro del mes y a\u00f1o en curso, por lo menos con 5 d\u00edas anteriores al t\u00e9rmino del mes en curso.<\/li><\/ol><p>\u00a0<\/p><p>Toda la informaci\u00f3n de registro y facturaci\u00f3n proporcionada deber\u00e1 ser verdadera y exacta. Proporcionar cualquier informaci\u00f3n falsa o inexacta constituye el incumplimiento de estos\u00a0<b>T\u00c9RMINOS Y CONDICIONES<\/b>. Al confirmar tu compra y finalizar el proceso de pago, est\u00e1s de acuerdo en aceptar y pagar por los art\u00edculos solicitados, as\u00ed como en los datos de facturaci\u00f3n proporcionados a Bienestar L\u00edquido.<\/p><p><b>Pol\u00edtica de Devoluciones<\/b><\/p><p>Al momento de la entrega, deber\u00e1 de verificar la mercanc\u00eda en su totalidad ya que no aceptamos cambios ni devoluciones.<\/p><p><b>Motivos de Reembolso:<\/b><\/p><ol><li>El producto adquirido se encuentra da\u00f1ado o caduco y\/o no es posible entregar otro de caracter\u00edsticas similares y de igual o mayor precio.<\/li><li>El tiempo de entrega excede de los 30 d\u00edas h\u00e1biles desde la fecha de compra\u00a0sin que el cliente reciba el producto.<\/li><li>Se ha cobrado un monto incorrecto al cliente, el reembolso aplica por la diferencia.<\/li><li>Debido a los diferentes escenarios que puedan haber en las compras en l\u00ednea, todos aquellos casos no contemplados en estas pol\u00edticas se revisar\u00e1n y procesaran por Bienestar L\u00edquido SA de CV.<\/li><\/ol><p><b>Pol\u00edticas y requisitos para solicitar reembolso:<\/b><\/p><p>Para solicitar un reembolso, se te pedir\u00e1 la siguiente informaci\u00f3n, la cual deber\u00e1s enviar mediante Correo Electr\u00f3nico:<\/p><ol><li>N\u00famero de pedido con el que compraste tu producto.<\/li><li>Descripci\u00f3n del\/los producto(s).<\/li><li>Motivo por el cual se solicita el reembolso, en caso de producto defectuoso o da\u00f1ado anexar fotografia con fecha etiqueta legible con numero de lote.<\/li><li>Forma de pago con la que se adquiri\u00f3 la compra ya que ser\u00e1 por este mismo medio que se aplicar\u00e1 el reembolso.<\/li><li>Si a\u00fan no cuenta con el producto deber\u00e1s esperar al proceso del reembolso.<\/li><li>En caso de un reembolso este podr\u00e1 ser realizado, aunque los productos entregados al cliente ya no ser\u00e1n aceptados en devoluci\u00f3n.<\/li><\/ol><p><b>Tiempos:<\/b><\/p><p>El tiempo estimado para el procesamiento de un Reembolso\u00a0<b>una vez autorizado<\/b>\u00a0ser\u00e1:<\/p><ol><li>Tiempo de 30 d\u00edas h\u00e1biles por Pago con Tarjetas de cr\u00e9dito.<\/li><\/ol>\t\t\t\t\t\t\t\t<\/div>\n\t\t\t\t<\/div>\n\t\t\t\t\t<\/div>\n\t\t<\/div>\n\t\t\t\t\t<\/div>\n\t\t<\/section>\n\t\t\t\t<\/div>","protected":false},"excerpt":{"rendered":"<p>T\u00e9rminos y condiciones Al realizar alguna compra en \u201cBienestar L\u00edquido\u201d, estar\u00e1s aceptando los siguientes t\u00e9rminos y condiciones: Al visitar \u201cBienestar L\u00edquido\u201d quedar\u00e1s sujeto(a) a los lineamientos, derechos, as\u00ed como a las restricciones aqu\u00ed mencionadas. Bienestar L\u00edquido, Sociedad An\u00f3nima de Capital Variable (en adelante \u201cBienestar L\u00edquido\u201d) se reserva el derecho de realizar alguna modificaci\u00f3n en el [&hellip;]<\/p>\n","protected":false},"author":3,"featured_media":0,"parent":0,"menu_order":0,"comment_status":"closed","ping_status":"closed","template":"elementor_header_footer","meta":{"footnotes":""},"class_list":["post-205","page","type-page","status-publish","hentry"],"_links":{"self":[{"href":"https:\/\/sangritacastiza.com\/en\/wp-json\/wp\/v2\/pages\/205","targetHints":{"allow":["GET"]}}],"collection":[{"href":"https:\/\/sangritacastiza.com\/en\/wp-json\/wp\/v2\/pages"}],"about":[{"href":"https:\/\/sangritacastiza.com\/en\/wp-json\/wp\/v2\/types\/page"}],"author":[{"embeddable":true,"href":"https:\/\/sangritacastiza.com\/en\/wp-json\/wp\/v2\/users\/3"}],"replies":[{"embeddable":true,"href":"https:\/\/sangritacastiza.com\/en\/wp-json\/wp\/v2\/comments?post=205"}],"version-history":[{"count":15,"href":"https:\/\/sangritacastiza.com\/en\/wp-json\/wp\/v2\/pages\/205\/revisions"}],"predecessor-version":[{"id":1345,"href":"https:\/\/sangritacastiza.com\/en\/wp-json\/wp\/v2\/pages\/205\/revisions\/1345"}],"wp:attachment":[{"href":"https:\/\/sangritacastiza.com\/en\/wp-json\/wp\/v2\/media?parent=205"}],"curies":[{"name":"wp","href":"https:\/\/api.w.org\/{rel}","templated":true}]}}