{"id":197,"date":"2022-08-16T13:39:07","date_gmt":"2022-08-16T18:39:07","guid":{"rendered":"https:\/\/infinitos.digital\/castiza\/?page_id=197"},"modified":"2022-08-17T22:48:37","modified_gmt":"2022-08-18T03:48:37","slug":"aviso-de-privacidad","status":"publish","type":"page","link":"https:\/\/sangritacastiza.com\/en\/aviso-de-privacidad\/","title":{"rendered":"Privacy Notice"},"content":{"rendered":"<div data-elementor-type=\"wp-page\" data-elementor-id=\"197\" class=\"elementor elementor-197\" data-elementor-post-type=\"page\">\n\t\t\t\t\t\t<section class=\"elementor-section elementor-top-section elementor-element elementor-element-ee71cac elementor-section-boxed elementor-section-height-default elementor-section-height-default\" data-id=\"ee71cac\" data-element_type=\"section\" data-e-type=\"section\" data-settings=\"{&quot;background_background&quot;:&quot;classic&quot;}\">\n\t\t\t\t\t\t<div class=\"elementor-container elementor-column-gap-default\">\n\t\t\t\t\t<div class=\"elementor-column elementor-col-100 elementor-top-column elementor-element elementor-element-33453b7\" data-id=\"33453b7\" data-element_type=\"column\" data-e-type=\"column\">\n\t\t\t<div class=\"elementor-widget-wrap elementor-element-populated\">\n\t\t\t\t\t\t<div class=\"elementor-element elementor-element-d584a11 elementor-widget elementor-widget-heading\" data-id=\"d584a11\" data-element_type=\"widget\" data-e-type=\"widget\" data-widget_type=\"heading.default\">\n\t\t\t\t<div class=\"elementor-widget-container\">\n\t\t\t\t\t<h2 class=\"elementor-heading-title elementor-size-default\">Aviso de Privacidad<\/h2>\t\t\t\t<\/div>\n\t\t\t\t<\/div>\n\t\t\t\t<div class=\"elementor-element elementor-element-6e113a0 elementor-widget elementor-widget-image\" data-id=\"6e113a0\" data-element_type=\"widget\" data-e-type=\"widget\" data-widget_type=\"image.default\">\n\t\t\t\t<div class=\"elementor-widget-container\">\n\t\t\t\t\t\t\t\t\t\t\t\t\t\t\t<img decoding=\"async\" data-src=\"https:\/\/sangritacastiza.com\/wp-content\/uploads\/2022\/08\/laurel.jpg\" title=\"\" alt=\"\" src=\"data:image\/gif;base64,R0lGODlhAQABAAAAACH5BAEKAAEALAAAAAABAAEAAAICTAEAOw==\" class=\"lazyload\" style=\"--smush-placeholder-width: 142px; --smush-placeholder-aspect-ratio: 142\/34;\" \/><noscript><img decoding=\"async\" src=\"https:\/\/sangritacastiza.com\/wp-content\/uploads\/2022\/08\/laurel.jpg\" title=\"\" alt=\"\" loading=\"lazy\" \/><\/noscript>\t\t\t\t\t\t\t\t\t\t\t\t\t\t\t<\/div>\n\t\t\t\t<\/div>\n\t\t\t\t<div class=\"elementor-element elementor-element-df2f9bc elementor-widget elementor-widget-text-editor\" data-id=\"df2f9bc\" data-element_type=\"widget\" data-e-type=\"widget\" data-widget_type=\"text-editor.default\">\n\t\t\t\t<div class=\"elementor-widget-container\">\n\t\t\t\t\t\t\t\t\t<p><b>BIENESTAR LIQUIDO, S.A de C.V.,\u00a0<\/b>(en lo sucesivo,\u00a0<b>\u201cBIENESTAR L\u00cdQUIDO\u201d<\/b>), con domicilio en\u00a0<b>Leo 14, Colonia Jardines de Sat\u00e9lite, Naucalpan, Estado de M\u00e9xico, C\u00f3digo Postal 53129,<\/b>\u00a0y portal de internet\u00a0<a href=\"http:\/\/www.bliquido.com\/\"><b>www.bliquido.com<\/b><\/a>, es el responsable del uso y protecci\u00f3n de sus datos personales y en los t\u00e9rminos previstos por la Ley Federal de Protecci\u00f3n de Datos Personales en Posesi\u00f3n de los Particulares (LFPDPPP) y por las disposiciones reglamentarias y\/o administrativas derivadas o relacionadas con la Ley, al respecto le informamos lo siguiente:<\/p><p><b>FINES DEL AVISO\u00a0 DE PRIVACIDAD<\/b><\/p><p><b>\u00a0<\/b>Los datos personales que recabamos de usted ser\u00e1n utilizados para los siguientes fines, mismos que son necesarios para proveer los servicios que ha solicitado, como son:<\/p><ul><li>Para llevar a cabo la compra, venta, empaques, distribuci\u00f3n, almacenamiento de bienes y productos, ya sea nacionales o extranjeros.<\/li><li>Para llevar a cabo la venta, exportaci\u00f3n, y comercializaci\u00f3n de toda clase abarrotes, vinos, licores y bebidas en general, as\u00ed como todo tipo de alimentos y productos, ya sea en su estado natural o industrializado.<\/li><li>Para la explotaci\u00f3n comercial de una o m\u00e1s negociaciones del ramo de preparaci\u00f3n y venta de productos alimenticios y bebidas con o sin contenido alcoh\u00f3lico.<\/li><li>Para la edici\u00f3n de libros, revistas, folletos, manuales, instructivos, sitios web, as\u00ed como material virtual en todas sus expresiones.<\/li><li>Conocer sus necesidades de productos o servicios;<\/li><li>Atender quejas y aclaraciones e;<\/li><li>Informarle sobre cambios en los mismos y en su caso, tratarlos para fines compatibles con los mencionados en este Aviso de Privacidad y que se consideren an\u00e1logos para efectos legales.<\/li><\/ul><p><b>DATOS PERSONALES TRATADOS<\/b><\/p><p><b>\u00a0<\/b>Para llevar a cabo las finalidades descritas en el presente aviso de privacidad, utilizaremos los siguientes datos personales:<\/p><ol><li>Nombre;<\/li><li>Direcci\u00f3n particular;<\/li><li>Tel\u00e9fono;<\/li><li>Correo Electr\u00f3nico;<\/li><li>N\u00famero de Tarjeta de Cr\u00e9dito<\/li><\/ol><p>As\u00ed mismo utilizaremos datos personales referentes a Informaci\u00f3n Financiera; como son:<\/p><ol><li>Informaci\u00f3n de pago;<\/li><li>Informaci\u00f3n relacionada con el proceso de pago de facturas y seguimiento.<\/li><\/ol><p>En caso de formalizar con Usted la aceptaci\u00f3n de alg\u00fan producto o servicio ofrecido por\u00a0<b>BIENESTAR L\u00cdQUIDO,\u00a0<\/b>sus datos personales ser\u00e1n utilizados para el cumplimiento de las obligaciones derivadas de esa relaci\u00f3n jur\u00eddica. Los datos personales ser\u00e1n tratados de conformidad con la Ley Federal de Protecci\u00f3n de Datos Personales en Posesi\u00f3n de los Particulares y su Reglamento.<\/p><p><b>EJERCICIO DE LOS DERECHOS ARCO.<\/b><\/p><p><b>\u00a0<\/b>Le informamos que tiene en todo momento el derecho a conocer qu\u00e9 datos personales tenemos de usted, para qu\u00e9 los utilizamos y las condiciones del uso que les damos\u00a0<b>(Acceso)<\/b>. Asimismo, es su derecho solicitar la correcci\u00f3n de su informaci\u00f3n personal en caso de que est\u00e9 desactualizada, sea inexacta o incompleta\u00a0<b>(Rectificaci\u00f3n);\u00a0<\/b>que la eliminemos de nuestros registros o bases de datos cuando considere que la misma no est\u00e1 siendo utilizada adecuadamente\u00a0<b>(Cancelaci\u00f3n);<\/b>\u00a0as\u00ed como oponerse al uso de sus datos personales para fines espec\u00edficos\u00a0<b>(Oposici\u00f3n).\u00a0<\/b>Estos derechos se conocen como derechos\u00a0<b>ARCO.<\/b><\/p><p>Para el ejercicio de cualquiera de los derechos\u00a0<b>ARCO<\/b>, usted deber\u00e1 presentar la solicitud respectiva con el\/la encargada del departamento de datos personales en donde se le dar\u00e1 seguimiento a su solicitud y para mayor informaci\u00f3n acerca del tema puede comunicarse al siguiente tel\u00e9fono: M\u00e9xico: + 55 5374 2856 y\/o Celular: 55 21 09 89 56.<\/p><p><b>\u00a0<\/b><b>PROCEDIMIENTO Y REQUISITOS PARA EL EJERCICIO DE SUS DERECHOS ARCO.<\/b><\/p><p>Para el ejercicio de cualquiera de los derechos<b>\u00a0ARCO<\/b>, usted deber\u00e1 presentar la solicitud de acceso, rectificaci\u00f3n, cancelaci\u00f3n u oposici\u00f3n con la informaci\u00f3n y documentaci\u00f3n siguiente:<\/p><p>a).- El nombre del titular y domicilio u otro medio para comunicarle la respuesta a su solicitud;<\/p><p>b).- Los documentos que acrediten su identidad (copia simple en formato impreso o electr\u00f3nico de su credencial de elector, pasaporte o FM-3) o, en su caso, la representaci\u00f3n legal del titular (copia simple en formato impreso o electr\u00f3nico de la carta poder simple con firma aut\u00f3grafa del titular, dos testigos y el mandatario o instrumento p\u00fablico y sus correspondientes identificaciones oficiales (credencial de elector, pasaporte o FM-3);<\/p><p>c).- La descripci\u00f3n clara y precisa de los datos personales respecto de los que busca ejercer alguno de los derechos\u00a0<b>ARCO<\/b>; y<\/p><p>d).- Cualquier otro elemento o documento que facilite la localizaci\u00f3n de sus datos personales.<\/p><p>En el caso de las solicitudes de rectificaci\u00f3n de datos personales, usted deber\u00e1 tambi\u00e9n indicar las modificaciones a realizarse y aportar la documentaci\u00f3n que sustente su petici\u00f3n.<\/p><p><b>BIENESTAR L\u00cdQUIDO<\/b>\u00a0le responder\u00e1 en un plazo m\u00e1ximo de (20) veinte d\u00edas, contados desde la fecha en que se recibi\u00f3 la solicitud de acceso, rectificaci\u00f3n, cancelaci\u00f3n u oposici\u00f3n, su determinaci\u00f3n adoptada, a efecto que, si resulta procedente, se haga efectiva la misma dentro de los (15) quince d\u00edas siguientes a la fecha en que se le comunica la respuesta.<\/p><p>Trat\u00e1ndose de solicitudes de acceso a datos personales,\u00a0<b>BIENESTAR L\u00cdQUIDO<\/b>\u00a0proceder\u00e1 con su entrega previa acreditaci\u00f3n de la identidad del solicitante o de su representante legal, seg\u00fan corresponda. Los plazos antes referidos podr\u00e1n ser ampliados una sola vez por un periodo igual, siempre y cuando as\u00ed lo justifiquen las circunstancias del caso.<\/p><p>La entrega de los datos personales ser\u00e1 gratuita, solamente le corresponder\u00e1 cubrir los gastos justificados de env\u00edo o el costo de reproducci\u00f3n en copias u otros formatos. En el caso de que usted reitere su solicitud en un periodo menor a doce meses, deber\u00e1 cubrir los costos correspondientes en t\u00e9rminos de la LFPDPPP, a menos que existan modificaciones sustanciales al aviso de privacidad que motiven nuevas consultas.<\/p><p>Los datos de contacto de la persona o departamento de datos personales, que est\u00e1 a cargo de dar tr\u00e1mite a las solicitudes de derechos\u00a0<b>ARCO<\/b>, son los siguientes:\u00a0<\/p><p><b>Francisco Javier Espinosa Teja<\/b><\/p><p><b>BIENESTAR L\u00cdQUIDO<\/b><\/p><p>Fern\u00e1ndez de Lizardi 80, Cd Sat\u00e9lite, Edo de M\u00e9xico, 53100<\/p><p>M\u00e9xico: 55 5374 2856 y\/o Celular: 55 21 09 89 56.<\/p><p>De igual manera hacemos de su conocimiento que la confidencialidad de los datos personales est\u00e1 garantizada y los mismos est\u00e1n protegidos por medidas de seguridad administrativas, t\u00e9cnicas y f\u00edsicas, para evitar su da\u00f1o, p\u00e9rdida, alteraci\u00f3n, destrucci\u00f3n, uso, acceso o divulgaci\u00f3n indebida de conformidad con lo dispuesto en la LFPDPPP y en la regulaci\u00f3n administrativa que derive de la misma. Todos los datos personales almacenados en formato electr\u00f3nico, se mantienen en bancos de datos confidenciales y seguros y \u00fanicamente las personas autorizadas tendr\u00e1n acceso a sus datos personales.<\/p><p><b>REVOCACI\u00d3N DEL CONSENTIMIENTO PARA EL USO DE SUS DATOS PERSONALES<\/b><\/p><p>Usted puede revocar el consentimiento que, en su caso, nos haya otorgado para el tratamiento de sus datos personales. Sin embargo, es importante que tenga en cuenta que no en todos los casos podremos atender su solicitud o concluir el uso de forma inmediata, ya que es posible que por alguna obligaci\u00f3n legal requiramos seguir tratando sus datos personales. Asimismo, usted deber\u00e1 considerar que, para ciertos fines, la revocaci\u00f3n de su consentimiento implicar\u00e1 que no le podamos seguir prestando el servicio que nos solicit\u00f3, o la conclusi\u00f3n de su relaci\u00f3n con nosotros.<\/p><p>Para revocar su consentimiento, usted deber\u00e1 presentar la solicitud respectiva con la persona o departamento de datos personales en donde se le dar\u00e1 seguimiento a su solicitud, donde se observar\u00e1 el mismo procedimiento utilizado para ejercer los derechos\u00a0<b>ARCO<\/b>\u00a0y para mayor informaci\u00f3n acerca del tema puede comunicarse al tel\u00e9fono 55 5374 2856 y\/o Celular: 55 21 09 89 56.<\/p><p><b>\u00a0<\/b><b>LIMITACI\u00d3N DEL USO O DIVULGACI\u00d3N DE SU INFORMACI\u00d3N PERSONAL.<\/b><\/p><p><b>\u00a0<\/b>Con objeto de que usted pueda limitar el uso y divulgaci\u00f3n de su informaci\u00f3n personal, usted puede hacernos llegar a trav\u00e9s de nuestro sitio web\u00a0<b>www.bliquido.com<\/b>, en el que manifieste su negativa a seguir recibiendo comunicados o promociones por parte de\u00a0<b>BIENESTAR L\u00cdQUIDO<\/b>.<\/p><p>Asimismo, usted se podr\u00e1 inscribir en el Registro P\u00fablico para Evitar Publicidad, en caso de que no desee obtener publicidad de nuestra parte; para mayor informaci\u00f3n consulte el portal de internet de la PROFECO.<\/p><p><b>TECNOLOG\u00cdAS DE RASTREO EN NUESTRO PORTAL DE INTERNET.<\/b><\/p><p><b>\u00a0<\/b>Le informamos que en nuestra p\u00e1gina de internet utilizamos cookies u otras tecnolog\u00edas, a trav\u00e9s de las cuales es posible monitorear su comportamiento como usuario de internet, as\u00ed como brindarle un mejor servicio y experiencia al navegar en nuestra p\u00e1gina.<\/p><p>Los datos personales que recabamos a trav\u00e9s de estas tecnolog\u00edas, los utilizaremos para ofrecerle la asesor\u00eda e informaci\u00f3n personalizada y adecuada respecto de los servicios que le ofrecemos, de igual manera hacemos de su conocimiento que los datos personales que obtenemos de estas tecnolog\u00edas de rastreo son las p\u00e1ginas web visitadas por un usuario para acceder a nuestra p\u00e1gina de internet\u00a0<b>www.bliquido.com.<\/b><\/p><p><b>LEGISLACI\u00d3N APLICABLE<\/b><\/p><p><b>\u00a0<\/b>La interpretaci\u00f3n y aplicaci\u00f3n del presente Aviso de Privacidad se rige por la Ley Federal de Protecci\u00f3n de Datos Personales en Posesi\u00f3n de los Particulares, y las dem\u00e1s leyes y disposiciones reglamentarias y administrativas que resulten aplicables.<\/p><p><b>\u00a0<\/b><b>MODIFICACIONES O ACTUALIZACIONES AL AVISO DE PRIVACIDAD.<\/b><\/p><p><b>\u00a0<\/b>El presente aviso de privacidad puede sufrir modificaciones, cambios o actualizaciones con el objeto de instrumentar mejoras, incorporar nuevas medidas previstas en la Ley y otras disposiciones normativas, cuesti\u00f3n por la cual le sugerimos revisar con regularidad su contenido.<\/p><p>Nos comprometemos a mantenerlo informado sobre los cambios que pueda sufrir el presente aviso de privacidad a trav\u00e9s de nuestra p\u00e1gina de internet\u00a0<b>www.bliquido.com.<\/b><\/p><p><b>\u00a0<\/b><b>CONSENTIMIENTO PARA EL TRATAMIENTO DE SUS DATOS PERSONALES<\/b><\/p><p><b>\u00a0<\/b>Yo, TITULAR DE LOS DATOS PERSONALES, declaro expresamente aceptar sin reserva o limitaci\u00f3n alguna el contenido de este Aviso de Privacidad, el hecho de completar los formatos impresos y\/o electr\u00f3nicos supone mi aceptaci\u00f3n \u00edntegra y expresa del presente Aviso de Privacidad y de cualquier modificaci\u00f3n y\/o actualizaci\u00f3n del mismo y acepto que\u00a0<b>BIENESTAR L\u00cdQUIDO<\/b>, sus afiliados y proveedores, que se encuentran en M\u00e9xico y el extranjero, procesen mis datos personales en los t\u00e9rminos y condiciones de este Aviso de Privacidad.<\/p>\t\t\t\t\t\t\t\t<\/div>\n\t\t\t\t<\/div>\n\t\t\t\t\t<\/div>\n\t\t<\/div>\n\t\t\t\t\t<\/div>\n\t\t<\/section>\n\t\t\t\t<\/div>","protected":false},"excerpt":{"rendered":"<p>Aviso de Privacidad BIENESTAR LIQUIDO, S.A de C.V.,\u00a0(en lo sucesivo,\u00a0\u201cBIENESTAR L\u00cdQUIDO\u201d), con domicilio en\u00a0Leo 14, Colonia Jardines de Sat\u00e9lite, Naucalpan, Estado de M\u00e9xico, C\u00f3digo Postal 53129,\u00a0y portal de internet\u00a0www.bliquido.com, es el responsable del uso y protecci\u00f3n de sus datos personales y en los t\u00e9rminos previstos por la Ley Federal de Protecci\u00f3n de Datos Personales en [&hellip;]<\/p>\n","protected":false},"author":3,"featured_media":0,"parent":0,"menu_order":0,"comment_status":"closed","ping_status":"closed","template":"elementor_header_footer","meta":{"footnotes":""},"class_list":["post-197","page","type-page","status-publish","hentry"],"_links":{"self":[{"href":"https:\/\/sangritacastiza.com\/en\/wp-json\/wp\/v2\/pages\/197","targetHints":{"allow":["GET"]}}],"collection":[{"href":"https:\/\/sangritacastiza.com\/en\/wp-json\/wp\/v2\/pages"}],"about":[{"href":"https:\/\/sangritacastiza.com\/en\/wp-json\/wp\/v2\/types\/page"}],"author":[{"embeddable":true,"href":"https:\/\/sangritacastiza.com\/en\/wp-json\/wp\/v2\/users\/3"}],"replies":[{"embeddable":true,"href":"https:\/\/sangritacastiza.com\/en\/wp-json\/wp\/v2\/comments?post=197"}],"version-history":[{"count":18,"href":"https:\/\/sangritacastiza.com\/en\/wp-json\/wp\/v2\/pages\/197\/revisions"}],"predecessor-version":[{"id":1348,"href":"https:\/\/sangritacastiza.com\/en\/wp-json\/wp\/v2\/pages\/197\/revisions\/1348"}],"wp:attachment":[{"href":"https:\/\/sangritacastiza.com\/en\/wp-json\/wp\/v2\/media?parent=197"}],"curies":[{"name":"wp","href":"https:\/\/api.w.org\/{rel}","templated":true}]}}