{"id":1953,"date":"2025-10-23T13:11:45","date_gmt":"2025-10-23T18:11:45","guid":{"rendered":"https:\/\/sangritacastiza.com\/?page_id=1953"},"modified":"2025-10-23T15:19:09","modified_gmt":"2025-10-23T20:19:09","slug":"castizamixer","status":"publish","type":"page","link":"https:\/\/sangritacastiza.com\/en\/castizamixer\/","title":{"rendered":"Castiza Mixer"},"content":{"rendered":"<div data-elementor-type=\"wp-page\" data-elementor-id=\"1953\" class=\"elementor elementor-1953\" data-elementor-post-type=\"page\">\n\t\t\t\t\t\t<section class=\"elementor-section elementor-top-section elementor-element elementor-element-933fcc0 elementor-section-boxed elementor-section-height-default elementor-section-height-default\" data-id=\"933fcc0\" data-element_type=\"section\" data-e-type=\"section\">\n\t\t\t\t\t\t<div class=\"elementor-container elementor-column-gap-default\">\n\t\t\t\t\t<div class=\"elementor-column elementor-col-100 elementor-top-column elementor-element elementor-element-959c406\" data-id=\"959c406\" data-element_type=\"column\" data-e-type=\"column\">\n\t\t\t<div class=\"elementor-widget-wrap\">\n\t\t\t\t\t\t\t<\/div>\n\t\t<\/div>\n\t\t\t\t\t<\/div>\n\t\t<\/section>\n\t\t\t\t<section class=\"elementor-section elementor-top-section elementor-element elementor-element-6d6d8b2 elementor-section-boxed elementor-section-height-default elementor-section-height-default\" data-id=\"6d6d8b2\" data-element_type=\"section\" data-e-type=\"section\">\n\t\t\t\t\t\t<div class=\"elementor-container elementor-column-gap-default\">\n\t\t\t\t\t<div class=\"elementor-column elementor-col-100 elementor-top-column elementor-element elementor-element-fff8fca\" data-id=\"fff8fca\" data-element_type=\"column\" data-e-type=\"column\">\n\t\t\t<div class=\"elementor-widget-wrap elementor-element-populated\">\n\t\t\t\t\t\t<div class=\"elementor-element elementor-element-4d5c173 elementor-widget elementor-widget-image\" data-id=\"4d5c173\" data-element_type=\"widget\" data-e-type=\"widget\" data-widget_type=\"image.default\">\n\t\t\t\t<div class=\"elementor-widget-container\">\n\t\t\t\t\t\t\t\t\t\t\t\t\t\t\t<img fetchpriority=\"high\" decoding=\"async\" width=\"600\" height=\"600\" src=\"https:\/\/sangritacastiza.com\/wp-content\/uploads\/2025\/10\/Castiza-Mixer-1L.png\" class=\"attachment-large size-large wp-image-1961\" alt=\"\" srcset=\"https:\/\/sangritacastiza.com\/wp-content\/uploads\/2025\/10\/Castiza-Mixer-1L.png 600w, https:\/\/sangritacastiza.com\/wp-content\/uploads\/2025\/10\/Castiza-Mixer-1L-300x300.png 300w, https:\/\/sangritacastiza.com\/wp-content\/uploads\/2025\/10\/Castiza-Mixer-1L-100x100.png 100w\" sizes=\"(max-width: 600px) 100vw, 600px\" \/>\t\t\t\t\t\t\t\t\t\t\t\t\t\t\t<\/div>\n\t\t\t\t<\/div>\n\t\t\t\t\t<\/div>\n\t\t<\/div>\n\t\t\t\t\t<\/div>\n\t\t<\/section>\n\t\t\t\t<section class=\"elementor-section elementor-top-section elementor-element elementor-element-8f16169 elementor-section-boxed elementor-section-height-default elementor-section-height-default\" data-id=\"8f16169\" data-element_type=\"section\" data-e-type=\"section\">\n\t\t\t\t\t\t<div class=\"elementor-container elementor-column-gap-default\">\n\t\t\t\t\t<div class=\"elementor-column elementor-col-100 elementor-top-column elementor-element elementor-element-1f170c4\" data-id=\"1f170c4\" data-element_type=\"column\" data-e-type=\"column\">\n\t\t\t<div class=\"elementor-widget-wrap elementor-element-populated\">\n\t\t\t\t\t\t<div class=\"elementor-element elementor-element-45b1a83 elementor-widget elementor-widget-text-editor\" data-id=\"45b1a83\" data-element_type=\"widget\" data-e-type=\"widget\" data-widget_type=\"text-editor.default\">\n\t\t\t\t<div class=\"elementor-widget-container\">\n\t\t\t\t\t\t\t\t\t<h5>Convierte cada ocasi\u00f3n en una experiencia \u00fanica con <strong>Castiza Mixer<\/strong>, el mezclador artesanal gourmet hecho en M\u00e9xico. Elaborado con 60% de jugos naturales de tomate, lim\u00f3n y naranja, sazonado con chiles y especias que le dan ese toque aut\u00e9ntico y equilibrado que no encontrar\u00e1s en ning\u00fan otro producto.<\/h5><h5>A diferencia de las bases de agua del mercado, Castiza Mixer ya viene sazonado y listo para usar: abre, mezcla y disfruta. Su textura espesa y su sabor consistente elevan desde una simple michelada hasta c\u00f3cteles de autor o incluso mocktails refrescantes.<\/h5>\t\t\t\t\t\t\t\t<\/div>\n\t\t\t\t<\/div>\n\t\t\t\t<section class=\"elementor-section elementor-inner-section elementor-element elementor-element-9a8671a elementor-section-boxed elementor-section-height-default elementor-section-height-default\" data-id=\"9a8671a\" data-element_type=\"section\" data-e-type=\"section\">\n\t\t\t\t\t\t<div class=\"elementor-container elementor-column-gap-default\">\n\t\t\t\t\t<div class=\"elementor-column elementor-col-50 elementor-inner-column elementor-element elementor-element-51f1a56\" data-id=\"51f1a56\" data-element_type=\"column\" data-e-type=\"column\">\n\t\t\t<div class=\"elementor-widget-wrap elementor-element-populated\">\n\t\t\t\t\t\t<div class=\"elementor-element elementor-element-2d45b4c elementor-widget elementor-widget-text-editor\" data-id=\"2d45b4c\" data-element_type=\"widget\" data-e-type=\"widget\" data-widget_type=\"text-editor.default\">\n\t\t\t\t<div class=\"elementor-widget-container\">\n\t\t\t\t\t\t\t\t\t<p>\u00a0<\/p><h3><strong>Beneficios principales:<\/strong><\/h3><ul><li>Sabor aut\u00e9ntico y natural, con tomates, c\u00edtricos y chiles de calidad premium<\/li><li>Vers\u00e1til y delicioso: perfecto para Michelada, Vampiro, Bloody Mary, Ojo Rojo o mariscos como ceviches y cocteles de camar\u00f3n<\/li><li>Vegano y Kosher, ideal para diferentes estilos de vida.<\/li><\/ul>\t\t\t\t\t\t\t\t<\/div>\n\t\t\t\t<\/div>\n\t\t\t\t\t<\/div>\n\t\t<\/div>\n\t\t\t\t<div class=\"elementor-column elementor-col-50 elementor-inner-column elementor-element elementor-element-f01a6d0\" data-id=\"f01a6d0\" data-element_type=\"column\" data-e-type=\"column\">\n\t\t\t<div class=\"elementor-widget-wrap elementor-element-populated\">\n\t\t\t\t\t\t<div class=\"elementor-element elementor-element-a4024a7 elementor-widget elementor-widget-image\" data-id=\"a4024a7\" data-element_type=\"widget\" data-e-type=\"widget\" data-widget_type=\"image.default\">\n\t\t\t\t<div class=\"elementor-widget-container\">\n\t\t\t\t\t\t\t\t\t\t\t\t\t\t\t<img decoding=\"async\" width=\"600\" height=\"600\" data-src=\"https:\/\/sangritacastiza.com\/wp-content\/uploads\/2025\/10\/Fotos-tienda-Castiza-Mixer-1L.png\" class=\"attachment-large size-large wp-image-1982 lazyload\" alt=\"\" data-srcset=\"https:\/\/sangritacastiza.com\/wp-content\/uploads\/2025\/10\/Fotos-tienda-Castiza-Mixer-1L.png 600w, https:\/\/sangritacastiza.com\/wp-content\/uploads\/2025\/10\/Fotos-tienda-Castiza-Mixer-1L-300x300.png 300w, https:\/\/sangritacastiza.com\/wp-content\/uploads\/2025\/10\/Fotos-tienda-Castiza-Mixer-1L-100x100.png 100w\" data-sizes=\"(max-width: 600px) 100vw, 600px\" src=\"data:image\/gif;base64,R0lGODlhAQABAAAAACH5BAEKAAEALAAAAAABAAEAAAICTAEAOw==\" style=\"--smush-placeholder-width: 600px; --smush-placeholder-aspect-ratio: 600\/600;\" \/><noscript><img decoding=\"async\" width=\"600\" height=\"600\" src=\"https:\/\/sangritacastiza.com\/wp-content\/uploads\/2025\/10\/Fotos-tienda-Castiza-Mixer-1L.png\" class=\"attachment-large size-large wp-image-1982\" alt=\"\" srcset=\"https:\/\/sangritacastiza.com\/wp-content\/uploads\/2025\/10\/Fotos-tienda-Castiza-Mixer-1L.png 600w, https:\/\/sangritacastiza.com\/wp-content\/uploads\/2025\/10\/Fotos-tienda-Castiza-Mixer-1L-300x300.png 300w, https:\/\/sangritacastiza.com\/wp-content\/uploads\/2025\/10\/Fotos-tienda-Castiza-Mixer-1L-100x100.png 100w\" sizes=\"(max-width: 600px) 100vw, 600px\" \/><\/noscript>\t\t\t\t\t\t\t\t\t\t\t\t\t\t\t<\/div>\n\t\t\t\t<\/div>\n\t\t\t\t\t<\/div>\n\t\t<\/div>\n\t\t\t\t\t<\/div>\n\t\t<\/section>\n\t\t\t\t\t<\/div>\n\t\t<\/div>\n\t\t\t\t\t<\/div>\n\t\t<\/section>\n\t\t\t\t<section class=\"elementor-section elementor-top-section elementor-element elementor-element-e7a3be4 elementor-section-boxed elementor-section-height-default elementor-section-height-default\" data-id=\"e7a3be4\" data-element_type=\"section\" data-e-type=\"section\">\n\t\t\t\t\t\t<div class=\"elementor-container elementor-column-gap-default\">\n\t\t\t\t\t<div class=\"elementor-column elementor-col-100 elementor-top-column elementor-element elementor-element-051264c\" data-id=\"051264c\" data-element_type=\"column\" data-e-type=\"column\">\n\t\t\t<div class=\"elementor-widget-wrap elementor-element-populated\">\n\t\t\t\t\t\t<div class=\"elementor-element elementor-element-aa7d55f elementor-widget elementor-widget-text-editor\" data-id=\"aa7d55f\" data-element_type=\"widget\" data-e-type=\"widget\" data-widget_type=\"text-editor.default\">\n\t\t\t\t<div class=\"elementor-widget-container\">\n\t\t\t\t\t\t\t\t\t<h3>Con Castiza Mixer 1L no necesitas ser bartender para sorprender:<\/h3><h3>\u00a1solo agrega tu bebida favorita y deja que el sabor haga la magia!<\/h3>\t\t\t\t\t\t\t\t<\/div>\n\t\t\t\t<\/div>\n\t\t\t\t\t<\/div>\n\t\t<\/div>\n\t\t\t\t\t<\/div>\n\t\t<\/section>\n\t\t\t\t<section class=\"elementor-section elementor-top-section elementor-element elementor-element-b14cf5c elementor-section-boxed elementor-section-height-default elementor-section-height-default\" data-id=\"b14cf5c\" data-element_type=\"section\" data-e-type=\"section\">\n\t\t\t\t\t\t<div class=\"elementor-container elementor-column-gap-default\">\n\t\t\t\t\t<div class=\"elementor-column elementor-col-100 elementor-top-column elementor-element elementor-element-c2f13de\" data-id=\"c2f13de\" data-element_type=\"column\" data-e-type=\"column\">\n\t\t\t<div class=\"elementor-widget-wrap elementor-element-populated\">\n\t\t\t\t\t\t<div class=\"elementor-element elementor-element-e856ee6 content-align-cta-center elementor-widget__width-initial elementor-widget elementor-widget-eael-cta-box\" data-id=\"e856ee6\" data-element_type=\"widget\" data-e-type=\"widget\" data-widget_type=\"eael-cta-box.default\">\n\t\t\t\t<div class=\"elementor-widget-container\">\n\t\t\t\t\t\t\t<div class=\"eael-call-to-action cta-basic bg-lite cta-preset-1\">\n        <h2 class=\"title eael-cta-heading\">\u00a1Pide tu Castiza Mixer ya!<\/h2><a href=\"https:\/\/www.tiktok.com\/view\/product\/1732484731202405800?_svg=1&#038;checksum=9f3d5fb6881111ceadd1526441aa2352d900b1dde888c672153218b60c9bb063&#038;encode_params=MIIBUQQMRTmk5gw5EvldhU9uBIIBLWMnL7krWOFiaeIJ_xCj_uZbp1HU1uSzsYkhbD6Z64TPglfkHEh4I-ZJq_3d_hLTIPtvpEALN2btmeEYamzVJg7kYuI_5SP0veBCj-mBN6-xAbAQ4_oLUtaRYPp91lbJHexzxdWUlHfMXs0a7gF2Mgd1vAoHn336_Sn_QNGEAC5NNgxl8KFqrwfelAR-cPVxvHDNxuIsT05Xp4KhqogJiMCeIzU6UfRs_Au70tZhEgy509JFDu4Ly2R3dCKmxL5oZz6dU_AKNns9a_7t1d-pVnf_X1DLLDIF_EUfjIKjsp6n3LG_5r2yBinUAgZoqk9mSsxeaZ4zFVTUtAR53aDhqk8hwz0v9_L96B50s9bbKL7Zlx3C5fEDezdUbRkmYbBcROHqyLE_4io9DLVDhrEEEI4vke6QWbq-OorAEY-rgtE%3D&#038;og_info=%7B%22title%22%3A%22Castiza+Mixer+1+L%22%2C%22image%22%3A%22https%3A%5C%2F%5C%2Fp16-oec-sg.ibyteimg.com%5C%2Ftos-alisg-i-aphluv4xwc-sg%5C%2F13b29cfcc4c94b16828c4ab84ff15c25~tplv-aphluv4xwc-resize-webp%3A260%3A260.webp%3Fdr%3D15582%26t%3D555f072d%26ps%3D933b5bde%26shp%3D7745054a%26shcp%3D9b759fb9%26idc%3Dmy2%26from%3D2001012042%22%7D&#038;sec_user_id=MS4wLjABAAAAXQ2D_ehKDSGmgebeuNPUsWYYd4ZgLSxFwFSRcc9c51vNgpOmLzFffBlYej5Q4dBb&#038;share_app_id=1233&#038;share_link_id=F5BC9C23-E782-43FA-97F9-4112B2B4D8FA&#038;social_share_type=15&#038;timestamp=1761236345&#038;trackParams=%7B%22source_page_type%22%3A%22product_share%22%2C%22traffic_source%22%3A7%2C%22enter_from_info%22%3A%22product_share_outside%22%2C%22device_id%22%3A%226937052473299895813%22%2C%22enable_shop_tab_popup%22%3A1%2C%22traffic_source_list%22%3A%5B7%5D%7D&#038;tt_from=copy&#038;u_code=C49%3AD%3A%3AC%3A8369&#038;ug_btm=b1478%2Cb6661&#038;unique_id=medialanddigital&#038;user_id=267178635994992640&#038;utm_campaign=client_share&#038;utm_medium=ios&#038;utm_source=copy\" class=\"cta-button cta-preset-1\">Compra aqu\u00ed<\/a>\t<\/div>\n\t\t\t\t\t\t\t\t<\/div>\n\t\t\t\t<\/div>\n\t\t\t\t\t<\/div>\n\t\t<\/div>\n\t\t\t\t\t<\/div>\n\t\t<\/section>\n\t\t\t\t<section class=\"elementor-section elementor-top-section elementor-element elementor-element-0bbe8b2 elementor-section-boxed elementor-section-height-default elementor-section-height-default\" data-id=\"0bbe8b2\" data-element_type=\"section\" data-e-type=\"section\">\n\t\t\t\t\t\t<div class=\"elementor-container elementor-column-gap-default\">\n\t\t\t\t\t<div class=\"elementor-column elementor-col-100 elementor-top-column elementor-element elementor-element-cc7d1ce\" data-id=\"cc7d1ce\" data-element_type=\"column\" data-e-type=\"column\">\n\t\t\t<div class=\"elementor-widget-wrap elementor-element-populated\">\n\t\t\t\t\t\t<div class=\"elementor-element elementor-element-b2594d7 elementor-skin-carousel elementor-arrows-yes elementor-pagination-type-bullets elementor-pagination-position-outside elementor-widget elementor-widget-media-carousel\" data-id=\"b2594d7\" data-element_type=\"widget\" data-e-type=\"widget\" data-settings=\"{&quot;effect&quot;:&quot;cube&quot;,&quot;space_between&quot;:{&quot;unit&quot;:&quot;px&quot;,&quot;size&quot;:8,&quot;sizes&quot;:[]},&quot;skin&quot;:&quot;carousel&quot;,&quot;show_arrows&quot;:&quot;yes&quot;,&quot;pagination&quot;:&quot;bullets&quot;,&quot;speed&quot;:500,&quot;autoplay&quot;:&quot;yes&quot;,&quot;autoplay_speed&quot;:5000,&quot;loop&quot;:&quot;yes&quot;,&quot;pause_on_hover&quot;:&quot;yes&quot;,&quot;pause_on_interaction&quot;:&quot;yes&quot;,&quot;space_between_tablet&quot;:{&quot;unit&quot;:&quot;px&quot;,&quot;size&quot;:10,&quot;sizes&quot;:[]},&quot;space_between_mobile&quot;:{&quot;unit&quot;:&quot;px&quot;,&quot;size&quot;:10,&quot;sizes&quot;:[]}}\" data-widget_type=\"media-carousel.default\">\n\t\t\t\t<div class=\"elementor-widget-container\">\n\t\t\t\t\t\t\t\t\t<div class=\"elementor-swiper\">\n\t\t\t\t\t<div class=\"elementor-main-swiper swiper\" role=\"region\" aria-roledescription=\"carousel\" aria-label=\"Slides\">\n\t\t\t\t<div class=\"swiper-wrapper\">\n\t\t\t\t\t\t\t\t\t\t\t<div class=\"swiper-slide\" role=\"group\" aria-roledescription=\"slide\">\n\t\t\t\t\t\t\t\t\t<div class=\"elementor-carousel-image lazyload\" role=\"img\" aria-label=\"Castiza Mixer 1L-02\" style=\"background-image:inherit\" data-bg-image=\"url(&#039;https:\/\/sangritacastiza.com\/wp-content\/uploads\/2025\/10\/Castiza-Mixer-1L-02.png&#039;)\">\n\n\t\t\t\n\t\t\t\t\t<\/div>\n\t\t\t\t\t\t\t\t<\/div>\n\t\t\t\t\t\t\t\t\t\t\t<div class=\"swiper-slide\" role=\"group\" aria-roledescription=\"slide\">\n\t\t\t\t\t\t\t\t\t<div class=\"elementor-carousel-image lazyload\" role=\"img\" aria-label=\"Castiza Mixer 1L-03\" style=\"background-image:inherit\" data-bg-image=\"url(&#039;https:\/\/sangritacastiza.com\/wp-content\/uploads\/2025\/10\/Castiza-Mixer-1L-03.png&#039;)\">\n\n\t\t\t\n\t\t\t\t\t<\/div>\n\t\t\t\t\t\t\t\t<\/div>\n\t\t\t\t\t\t\t\t\t\t\t<div class=\"swiper-slide\" role=\"group\" aria-roledescription=\"slide\">\n\t\t\t\t\t\t\t\t\t<div class=\"elementor-carousel-image lazyload\" role=\"img\" aria-label=\"Castiza Mixer 1L-04\" style=\"background-image:inherit\" data-bg-image=\"url(&#039;https:\/\/sangritacastiza.com\/wp-content\/uploads\/2025\/10\/Castiza-Mixer-1L-04.png&#039;)\">\n\n\t\t\t\n\t\t\t\t\t<\/div>\n\t\t\t\t\t\t\t\t<\/div>\n\t\t\t\t\t\t\t\t\t\t\t<div class=\"swiper-slide\" role=\"group\" aria-roledescription=\"slide\">\n\t\t\t\t\t\t\t\t\t<div class=\"elementor-carousel-image lazyload\" role=\"img\" aria-label=\"Castiza Mixer 1L-05\" style=\"background-image:inherit\" data-bg-image=\"url(&#039;https:\/\/sangritacastiza.com\/wp-content\/uploads\/2025\/10\/Castiza-Mixer-1L-05.png&#039;)\">\n\n\t\t\t\n\t\t\t\t\t<\/div>\n\t\t\t\t\t\t\t\t<\/div>\n\t\t\t\t\t\t\t\t\t\t\t<div class=\"swiper-slide\" role=\"group\" aria-roledescription=\"slide\">\n\t\t\t\t\t\t\t\t\t<div class=\"elementor-carousel-image lazyload\" role=\"img\" aria-label=\"Castiza Mixer 1L-06\" style=\"background-image:inherit\" data-bg-image=\"url(&#039;https:\/\/sangritacastiza.com\/wp-content\/uploads\/2025\/10\/Castiza-Mixer-1L-06.png&#039;)\">\n\n\t\t\t\n\t\t\t\t\t<\/div>\n\t\t\t\t\t\t\t\t<\/div>\n\t\t\t\t\t\t\t\t\t\t\t<div class=\"swiper-slide\" role=\"group\" aria-roledescription=\"slide\">\n\t\t\t\t\t\t\t\t\t<div class=\"elementor-carousel-image lazyload\" role=\"img\" aria-label=\"Castiza Mixer 1L-07\" style=\"background-image:inherit\" data-bg-image=\"url(&#039;https:\/\/sangritacastiza.com\/wp-content\/uploads\/2025\/10\/Castiza-Mixer-1L-07.png&#039;)\">\n\n\t\t\t\n\t\t\t\t\t<\/div>\n\t\t\t\t\t\t\t\t<\/div>\n\t\t\t\t\t\t\t\t\t<\/div>\n\t\t\t\t\t\t\t\t\t\t\t\t\t\t\t<div class=\"elementor-swiper-button elementor-swiper-button-prev\" role=\"button\" tabindex=\"0\" aria-label=\"Previous\" data-no-translation-aria-label=\"\">\n\t\t\t\t\t\t\t<i aria-hidden=\"true\" class=\"eicon-chevron-left\"><\/i>\t\t\t\t\t\t<\/div>\n\t\t\t\t\t\t<div class=\"elementor-swiper-button elementor-swiper-button-next\" role=\"button\" tabindex=\"0\" aria-label=\"Next\" data-no-translation-aria-label=\"\">\n\t\t\t\t\t\t\t<i aria-hidden=\"true\" class=\"eicon-chevron-right\"><\/i>\t\t\t\t\t\t<\/div>\n\t\t\t\t\t\t\t\t\t\t\t\t\t\t\t\t<div class=\"swiper-pagination\"><\/div>\n\t\t\t\t\t\t\t\t\t\t\t\t<\/div>\n\t\t\t\t<\/div>\n\t\t\t\t\t\t\t\t<\/div>\n\t\t\t\t<\/div>\n\t\t\t\t\t<\/div>\n\t\t<\/div>\n\t\t\t\t\t<\/div>\n\t\t<\/section>\n\t\t\t\t<section class=\"elementor-section elementor-top-section elementor-element elementor-element-fdb7887 elementor-section-boxed elementor-section-height-default elementor-section-height-default\" data-id=\"fdb7887\" data-element_type=\"section\" data-e-type=\"section\">\n\t\t\t\t\t\t<div class=\"elementor-container elementor-column-gap-default\">\n\t\t\t\t\t<div class=\"elementor-column elementor-col-100 elementor-top-column elementor-element elementor-element-ee36a12\" data-id=\"ee36a12\" data-element_type=\"column\" data-e-type=\"column\">\n\t\t\t<div class=\"elementor-widget-wrap\">\n\t\t\t\t\t\t\t<\/div>\n\t\t<\/div>\n\t\t\t\t\t<\/div>\n\t\t<\/section>\n\t\t\t\t<section class=\"elementor-section elementor-top-section elementor-element elementor-element-52f9c0c elementor-section-boxed elementor-section-height-default elementor-section-height-default\" data-id=\"52f9c0c\" data-element_type=\"section\" data-e-type=\"section\">\n\t\t\t\t\t\t<div class=\"elementor-container elementor-column-gap-default\">\n\t\t\t\t\t<div class=\"elementor-column elementor-col-100 elementor-top-column elementor-element elementor-element-a03f9c7\" data-id=\"a03f9c7\" data-element_type=\"column\" data-e-type=\"column\">\n\t\t\t<div class=\"elementor-widget-wrap\">\n\t\t\t\t\t\t\t<\/div>\n\t\t<\/div>\n\t\t\t\t\t<\/div>\n\t\t<\/section>\n\t\t\t\t<\/div>","protected":false},"excerpt":{"rendered":"<p>Convierte cada ocasi\u00f3n en una experiencia \u00fanica con Castiza Mixer, el mezclador artesanal gourmet hecho en M\u00e9xico. Elaborado con 60% de jugos naturales de tomate, lim\u00f3n y naranja, sazonado con chiles y especias que le dan ese toque aut\u00e9ntico y equilibrado que no encontrar\u00e1s en ning\u00fan otro producto. A diferencia de las bases de agua [&hellip;]<\/p>\n","protected":false},"author":3,"featured_media":0,"parent":0,"menu_order":0,"comment_status":"closed","ping_status":"closed","template":"","meta":{"footnotes":""},"class_list":["post-1953","page","type-page","status-publish","hentry"],"_links":{"self":[{"href":"https:\/\/sangritacastiza.com\/en\/wp-json\/wp\/v2\/pages\/1953","targetHints":{"allow":["GET"]}}],"collection":[{"href":"https:\/\/sangritacastiza.com\/en\/wp-json\/wp\/v2\/pages"}],"about":[{"href":"https:\/\/sangritacastiza.com\/en\/wp-json\/wp\/v2\/types\/page"}],"author":[{"embeddable":true,"href":"https:\/\/sangritacastiza.com\/en\/wp-json\/wp\/v2\/users\/3"}],"replies":[{"embeddable":true,"href":"https:\/\/sangritacastiza.com\/en\/wp-json\/wp\/v2\/comments?post=1953"}],"version-history":[{"count":37,"href":"https:\/\/sangritacastiza.com\/en\/wp-json\/wp\/v2\/pages\/1953\/revisions"}],"predecessor-version":[{"id":2020,"href":"https:\/\/sangritacastiza.com\/en\/wp-json\/wp\/v2\/pages\/1953\/revisions\/2020"}],"wp:attachment":[{"href":"https:\/\/sangritacastiza.com\/en\/wp-json\/wp\/v2\/media?parent=1953"}],"curies":[{"name":"wp","href":"https:\/\/api.w.org\/{rel}","templated":true}]}}