{"id":1255,"date":"2022-08-17T15:02:03","date_gmt":"2022-08-17T20:02:03","guid":{"rendered":"https:\/\/infinitos.digital\/castiza\/?page_id=1255"},"modified":"2023-01-11T10:39:17","modified_gmt":"2023-01-11T15:39:17","slug":"nuestro-origen","status":"publish","type":"page","link":"https:\/\/sangritacastiza.com\/en\/nuestro-origen\/","title":{"rendered":"About us"},"content":{"rendered":"<div data-elementor-type=\"wp-page\" data-elementor-id=\"1255\" class=\"elementor elementor-1255\">\n\t\t\t\t\t\t<section class=\"elementor-section elementor-top-section elementor-element elementor-element-0f3f9a4 elementor-section-full_width elementor-section-height-default elementor-section-height-default\" data-id=\"0f3f9a4\" data-element_type=\"section\" data-e-type=\"section\" data-settings=\"{&quot;background_background&quot;:&quot;classic&quot;}\">\n\t\t\t\t\t\t<div class=\"elementor-container elementor-column-gap-default\">\n\t\t\t\t\t<div class=\"elementor-column elementor-col-100 elementor-top-column elementor-element elementor-element-0acf8d1\" data-id=\"0acf8d1\" data-element_type=\"column\" data-e-type=\"column\">\n\t\t\t<div class=\"elementor-widget-wrap elementor-element-populated\">\n\t\t\t\t\t\t<div class=\"elementor-element elementor-element-08fb7ba elementor-widget elementor-widget-text-editor\" data-id=\"08fb7ba\" data-element_type=\"widget\" data-e-type=\"widget\" data-widget_type=\"text-editor.default\">\n\t\t\t\t<div class=\"elementor-widget-container\">\n\t\t\t\t\t\t\t\t\t<p>About us<\/p>\t\t\t\t\t\t\t\t<\/div>\n\t\t\t\t<\/div>\n\t\t\t\t<div class=\"elementor-element elementor-element-d4aae1e elementor-widget elementor-widget-text-editor\" data-id=\"d4aae1e\" data-element_type=\"widget\" data-e-type=\"widget\" data-widget_type=\"text-editor.default\">\n\t\t\t\t<div class=\"elementor-widget-container\">\n\t\t\t\t\t\t\t\t\tThe original lineage of the sangrita\t\t\t\t\t\t\t\t<\/div>\n\t\t\t\t<\/div>\n\t\t\t\t<div class=\"elementor-element elementor-element-27ed339 elementor-widget elementor-widget-image\" data-id=\"27ed339\" data-element_type=\"widget\" data-e-type=\"widget\" data-widget_type=\"image.default\">\n\t\t\t\t<div class=\"elementor-widget-container\">\n\t\t\t\t\t\t\t\t\t\t\t\t\t\t\t<img decoding=\"async\" width=\"142\" height=\"34\" data-src=\"https:\/\/sangritacastiza.com\/wp-content\/uploads\/2020\/07\/ico_tittle.png\" class=\"attachment-large size-large wp-image-185 lazyload\" alt=\"\" data-srcset=\"https:\/\/sangritacastiza.com\/wp-content\/uploads\/2020\/07\/ico_tittle.png 142w, https:\/\/sangritacastiza.com\/wp-content\/uploads\/2020\/07\/ico_tittle-140x34.png 140w\" data-sizes=\"(max-width: 142px) 100vw, 142px\" src=\"data:image\/gif;base64,R0lGODlhAQABAAAAACH5BAEKAAEALAAAAAABAAEAAAICTAEAOw==\" style=\"--smush-placeholder-width: 142px; --smush-placeholder-aspect-ratio: 142\/34;\" \/><noscript><img decoding=\"async\" width=\"142\" height=\"34\" data-src=\"https:\/\/sangritacastiza.com\/wp-content\/uploads\/2020\/07\/ico_tittle.png\" class=\"attachment-large size-large wp-image-185 lazyload\" alt=\"\" data-srcset=\"https:\/\/sangritacastiza.com\/wp-content\/uploads\/2020\/07\/ico_tittle.png 142w, https:\/\/sangritacastiza.com\/wp-content\/uploads\/2020\/07\/ico_tittle-140x34.png 140w\" data-sizes=\"(max-width: 142px) 100vw, 142px\" src=\"data:image\/gif;base64,R0lGODlhAQABAAAAACH5BAEKAAEALAAAAAABAAEAAAICTAEAOw==\" style=\"--smush-placeholder-width: 142px; --smush-placeholder-aspect-ratio: 142\/34;\" \/><noscript><img decoding=\"async\" width=\"142\" height=\"34\" src=\"https:\/\/sangritacastiza.com\/wp-content\/uploads\/2020\/07\/ico_tittle.png\" class=\"attachment-large size-large wp-image-185\" alt=\"\" srcset=\"https:\/\/sangritacastiza.com\/wp-content\/uploads\/2020\/07\/ico_tittle.png 142w, https:\/\/sangritacastiza.com\/wp-content\/uploads\/2020\/07\/ico_tittle-140x34.png 140w\" sizes=\"(max-width: 142px) 100vw, 142px\" \/><\/noscript><\/noscript>\t\t\t\t\t\t\t\t\t\t\t\t\t\t\t<\/div>\n\t\t\t\t<\/div>\n\t\t\t\t<div class=\"elementor-element elementor-element-e602a1c elementor-widget elementor-widget-text-editor\" data-id=\"e602a1c\" data-element_type=\"widget\" data-e-type=\"widget\" data-widget_type=\"text-editor.default\">\n\t\t\t\t<div class=\"elementor-widget-container\">\n\t\t\t\t\t\t\t\t\t<div id=\"fws_62fd48ede6151\" class=\"wpb_row vc_row-fluid vc_row standard_section\" data-column-margin=\"default\" data-midnight=\"dark\"><div class=\"row_col_wrap_12 col span_12 dark center\"><div class=\"vc_col-sm-12 wpb_column column_container vc_column_container col centered-text no-extra-padding max_width_desktop_765px right_margin_auto left_margin_auto inherit_tablet inherit_phone instance-1\" data-t-w-inherits=\"default\" data-bg-cover=\"\" data-padding-pos=\"all\" data-has-bg-color=\"false\" data-bg-color=\"\" data-bg-opacity=\"1\" data-hover-bg=\"\" data-hover-bg-opacity=\"1\" data-animation=\"\" data-delay=\"0\"><div class=\"vc_column-inner\"><div class=\"wpb_wrapper\"><div class=\"wpb_text_column wpb_content_element wpb_animate_when_almost_visible wpb_lightSpeedIn lightSpeedIn animated wpb_start_animation\"><div class=\"wpb_wrapper\"><p>The\u00a0<b>sangrita<\/b>\u00a0Sangrita is that typical Mexican drink that usually accompanies tequila each served in a horse, it is almost like a ritual or if you prefer to call it that: as a tradition. The legend tells us that\u00a0<b>sangrita\u00a0<\/b>is the lady consort of the tequila, the elegant and discreet couple that does not eclipse the tequila and softens its burning flavor.<\/p><p>The\u00a0<b>sangrita<\/b>\u00a0had its origin in the famous tequilero state of Jalisco, in a bar run by Do\u00f1a Guadalupe S\u00e1nchez and her husband Jos\u00e9. That\u2019s where it was offered to all the people who arrived, tourists, locals and lovers of distilled, tequila accompanied by a drink based on hot sauce, Citrus juice, English sauce and grenadine and gradually became more famous and became the inseparable companion of Mexican tequila. They liked the<\/p><p><b>Sangrita is traditionally the best friend of tequila, although nowadays it can also be considered as a delicious accompaniment to mezcal and beer as well as an ingredient to prepare delicious dishes.<\/b><\/p><\/div><\/div><\/div><\/div><\/div><\/div><\/div><div id=\"fws_62fd48ede6cfb\" class=\"wpb_row vc_row-fluid vc_row standard_section\" data-column-margin=\"default\" data-midnight=\"dark\"><div class=\"row-bg-wrap\" data-bg-animation=\"none\" data-bg-overlay=\"false\"><div class=\"inner-wrap\">\u00a0<\/div><\/div><\/div>\t\t\t\t\t\t\t\t<\/div>\n\t\t\t\t<\/div>\n\t\t\t\t\t<\/div>\n\t\t<\/div>\n\t\t\t\t\t<\/div>\n\t\t<\/section>\n\t\t\t\t<section class=\"elementor-section elementor-top-section elementor-element elementor-element-9dd020d elementor-section-full_width elementor-section-height-default elementor-section-height-default\" data-id=\"9dd020d\" data-element_type=\"section\" data-e-type=\"section\" data-settings=\"{&quot;background_background&quot;:&quot;classic&quot;}\">\n\t\t\t\t\t\t<div class=\"elementor-container elementor-column-gap-default\">\n\t\t\t\t\t<div class=\"elementor-column elementor-col-100 elementor-top-column elementor-element elementor-element-71ef7b7\" data-id=\"71ef7b7\" data-element_type=\"column\" data-e-type=\"column\">\n\t\t\t<div class=\"elementor-widget-wrap elementor-element-populated\">\n\t\t\t\t\t\t<section class=\"elementor-section elementor-inner-section elementor-element elementor-element-815b415 elementor-section-full_width elementor-section-content-middle elementor-section-height-default elementor-section-height-default\" data-id=\"815b415\" data-element_type=\"section\" data-e-type=\"section\">\n\t\t\t\t\t\t<div class=\"elementor-container elementor-column-gap-default\">\n\t\t\t\t\t<div class=\"elementor-column elementor-col-50 elementor-inner-column elementor-element elementor-element-847e5ab\" data-id=\"847e5ab\" data-element_type=\"column\" data-e-type=\"column\">\n\t\t\t<div class=\"elementor-widget-wrap elementor-element-populated\">\n\t\t\t\t\t\t<div class=\"elementor-element elementor-element-fae86bf elementor-widget elementor-widget-image\" data-id=\"fae86bf\" data-element_type=\"widget\" data-e-type=\"widget\" data-widget_type=\"image.default\">\n\t\t\t\t<div class=\"elementor-widget-container\">\n\t\t\t\t\t\t\t\t\t\t\t\t\t\t\t<img fetchpriority=\"high\" decoding=\"async\" width=\"800\" height=\"800\" src=\"https:\/\/sangritacastiza.com\/wp-content\/uploads\/2023\/01\/Sangrita-castiza-sitio-web-1024x1024.png\" class=\"attachment-large size-large wp-image-1548\" alt=\"\" srcset=\"https:\/\/sangritacastiza.com\/wp-content\/uploads\/2023\/01\/Sangrita-castiza-sitio-web-1024x1024.png 1024w, https:\/\/sangritacastiza.com\/wp-content\/uploads\/2023\/01\/Sangrita-castiza-sitio-web-300x300.png 300w, https:\/\/sangritacastiza.com\/wp-content\/uploads\/2023\/01\/Sangrita-castiza-sitio-web-100x100.png 100w, https:\/\/sangritacastiza.com\/wp-content\/uploads\/2023\/01\/Sangrita-castiza-sitio-web-150x150.png 150w, https:\/\/sangritacastiza.com\/wp-content\/uploads\/2023\/01\/Sangrita-castiza-sitio-web-768x768.png 768w, https:\/\/sangritacastiza.com\/wp-content\/uploads\/2023\/01\/Sangrita-castiza-sitio-web-12x12.png 12w, https:\/\/sangritacastiza.com\/wp-content\/uploads\/2023\/01\/Sangrita-castiza-sitio-web.png 1080w\" sizes=\"(max-width: 800px) 100vw, 800px\" \/>\t\t\t\t\t\t\t\t\t\t\t\t\t\t\t<\/div>\n\t\t\t\t<\/div>\n\t\t\t\t\t<\/div>\n\t\t<\/div>\n\t\t\t\t<div class=\"elementor-column elementor-col-50 elementor-inner-column elementor-element elementor-element-e4e67f3\" data-id=\"e4e67f3\" data-element_type=\"column\" data-e-type=\"column\" data-settings=\"{&quot;background_background&quot;:&quot;classic&quot;}\">\n\t\t\t<div class=\"elementor-widget-wrap elementor-element-populated\">\n\t\t\t\t\t\t<div class=\"elementor-element elementor-element-6d826ae elementor-widget elementor-widget-text-editor\" data-id=\"6d826ae\" data-element_type=\"widget\" data-e-type=\"widget\" data-widget_type=\"text-editor.default\">\n\t\t\t\t<div class=\"elementor-widget-container\">\n\t\t\t\t\t\t\t\t\t<p><strong>Sangrita Castiza<\/strong>\u00a0is a recovery of old traditions, based on a recipe of natural ingredients of fruits and vegetables that offer a perfect balance of flavor and tones for the wisest consumers of high-level spirits, mixology and contemporary food.<\/p>\t\t\t\t\t\t\t\t<\/div>\n\t\t\t\t<\/div>\n\t\t\t\t<div class=\"elementor-element elementor-element-c4bf829 elementor-widget elementor-widget-image\" data-id=\"c4bf829\" data-element_type=\"widget\" data-e-type=\"widget\" data-widget_type=\"image.default\">\n\t\t\t\t<div class=\"elementor-widget-container\">\n\t\t\t\t\t\t\t\t\t\t\t\t\t\t\t<img decoding=\"async\" width=\"174\" height=\"27\" data-src=\"https:\/\/sangritacastiza.com\/wp-content\/uploads\/2020\/07\/shape-nosotros.png\" class=\"attachment-large size-large wp-image-126 lazyload\" alt=\"\" src=\"data:image\/gif;base64,R0lGODlhAQABAAAAACH5BAEKAAEALAAAAAABAAEAAAICTAEAOw==\" style=\"--smush-placeholder-width: 174px; --smush-placeholder-aspect-ratio: 174\/27;\" \/><noscript><img decoding=\"async\" width=\"174\" height=\"27\" src=\"https:\/\/sangritacastiza.com\/wp-content\/uploads\/2020\/07\/shape-nosotros.png\" class=\"attachment-large size-large wp-image-126\" alt=\"\" \/><\/noscript>\t\t\t\t\t\t\t\t\t\t\t\t\t\t\t<\/div>\n\t\t\t\t<\/div>\n\t\t\t\t\t<\/div>\n\t\t<\/div>\n\t\t\t\t\t<\/div>\n\t\t<\/section>\n\t\t\t\t<section class=\"elementor-section elementor-inner-section elementor-element elementor-element-fb589aa elementor-section-full_width elementor-section-content-middle elementor-section-height-default elementor-section-height-default\" data-id=\"fb589aa\" data-element_type=\"section\" data-e-type=\"section\">\n\t\t\t\t\t\t<div class=\"elementor-container elementor-column-gap-default\">\n\t\t\t\t\t<div class=\"elementor-column elementor-col-50 elementor-inner-column elementor-element elementor-element-e2f09db\" data-id=\"e2f09db\" data-element_type=\"column\" data-e-type=\"column\">\n\t\t\t<div class=\"elementor-widget-wrap elementor-element-populated\">\n\t\t\t\t\t\t<div class=\"elementor-element elementor-element-6f7998e elementor-widget elementor-widget-text-editor\" data-id=\"6f7998e\" data-element_type=\"widget\" data-e-type=\"widget\" data-widget_type=\"text-editor.default\">\n\t\t\t\t<div class=\"elementor-widget-container\">\n\t\t\t\t\t\t\t\t\t<p>our history<\/p>\t\t\t\t\t\t\t\t<\/div>\n\t\t\t\t<\/div>\n\t\t\t\t<div class=\"elementor-element elementor-element-72a0dbf elementor-widget elementor-widget-text-editor\" data-id=\"72a0dbf\" data-element_type=\"widget\" data-e-type=\"widget\" data-widget_type=\"text-editor.default\">\n\t\t\t\t<div class=\"elementor-widget-container\">\n\t\t\t\t\t\t\t\t\t<p>Bienestar L\u00edquido S.A. de C.V. proudly Mexican company, was founded in November 2017, with the aim of being a global leader in functional liquid drinks that enhance and promote Mexican culture, flavors and creativity.<\/p><p>The pillars that govern us are differentiation and innovation.<\/p><p>Our purpose is to provide consumers with specialty or niche products that meet unmet latent market needs.<\/p><p>We take full care of the details of elaboration and regulation that allows us to have competitive products at international level.<\/p><p><b>Sangrita Castiza\u00a0<\/b>is the first product and brand of the Liquid Wellness family.<\/p>\t\t\t\t\t\t\t\t<\/div>\n\t\t\t\t<\/div>\n\t\t\t\t\t<\/div>\n\t\t<\/div>\n\t\t\t\t<div class=\"elementor-column elementor-col-50 elementor-inner-column elementor-element elementor-element-98b6a50\" data-id=\"98b6a50\" data-element_type=\"column\" data-e-type=\"column\" data-settings=\"{&quot;background_background&quot;:&quot;classic&quot;}\">\n\t\t\t<div class=\"elementor-widget-wrap elementor-element-populated\">\n\t\t\t\t\t\t<div class=\"elementor-element elementor-element-2d3dd98 elementor-widget elementor-widget-image\" data-id=\"2d3dd98\" data-element_type=\"widget\" data-e-type=\"widget\" data-widget_type=\"image.default\">\n\t\t\t\t<div class=\"elementor-widget-container\">\n\t\t\t\t\t\t\t\t\t\t\t\t\t\t\t<img decoding=\"async\" width=\"1040\" height=\"1046\" data-src=\"https:\/\/sangritacastiza.com\/wp-content\/uploads\/2022\/08\/SangritaCastiza.png\" class=\"attachment-full size-full wp-image-1205 lazyload\" alt=\"\" data-srcset=\"https:\/\/sangritacastiza.com\/wp-content\/uploads\/2022\/08\/SangritaCastiza.png 1040w, https:\/\/sangritacastiza.com\/wp-content\/uploads\/2022\/08\/SangritaCastiza-100x100.png 100w, https:\/\/sangritacastiza.com\/wp-content\/uploads\/2022\/08\/SangritaCastiza-300x302.png 300w, https:\/\/sangritacastiza.com\/wp-content\/uploads\/2022\/08\/SangritaCastiza-368x370.png 368w, https:\/\/sangritacastiza.com\/wp-content\/uploads\/2022\/08\/SangritaCastiza-1018x1024.png 1018w, https:\/\/sangritacastiza.com\/wp-content\/uploads\/2022\/08\/SangritaCastiza-150x150.png 150w, https:\/\/sangritacastiza.com\/wp-content\/uploads\/2022\/08\/SangritaCastiza-768x772.png 768w, https:\/\/sangritacastiza.com\/wp-content\/uploads\/2022\/08\/SangritaCastiza-140x140.png 140w, https:\/\/sangritacastiza.com\/wp-content\/uploads\/2022\/08\/SangritaCastiza-355x357.png 355w, https:\/\/sangritacastiza.com\/wp-content\/uploads\/2022\/08\/SangritaCastiza-600x603.png 600w, https:\/\/sangritacastiza.com\/wp-content\/uploads\/2022\/08\/SangritaCastiza-60x60.png 60w, https:\/\/sangritacastiza.com\/wp-content\/uploads\/2022\/08\/SangritaCastiza-89x90.png 89w\" data-sizes=\"(max-width: 1040px) 100vw, 1040px\" src=\"data:image\/gif;base64,R0lGODlhAQABAAAAACH5BAEKAAEALAAAAAABAAEAAAICTAEAOw==\" style=\"--smush-placeholder-width: 1040px; --smush-placeholder-aspect-ratio: 1040\/1046;\" \/><noscript><img loading=\"lazy\" decoding=\"async\" width=\"1040\" height=\"1046\" src=\"https:\/\/sangritacastiza.com\/wp-content\/uploads\/2022\/08\/SangritaCastiza.png\" class=\"attachment-full size-full wp-image-1205\" alt=\"\" srcset=\"https:\/\/sangritacastiza.com\/wp-content\/uploads\/2022\/08\/SangritaCastiza.png 1040w, https:\/\/sangritacastiza.com\/wp-content\/uploads\/2022\/08\/SangritaCastiza-100x100.png 100w, https:\/\/sangritacastiza.com\/wp-content\/uploads\/2022\/08\/SangritaCastiza-300x302.png 300w, https:\/\/sangritacastiza.com\/wp-content\/uploads\/2022\/08\/SangritaCastiza-368x370.png 368w, https:\/\/sangritacastiza.com\/wp-content\/uploads\/2022\/08\/SangritaCastiza-1018x1024.png 1018w, https:\/\/sangritacastiza.com\/wp-content\/uploads\/2022\/08\/SangritaCastiza-150x150.png 150w, https:\/\/sangritacastiza.com\/wp-content\/uploads\/2022\/08\/SangritaCastiza-768x772.png 768w, https:\/\/sangritacastiza.com\/wp-content\/uploads\/2022\/08\/SangritaCastiza-140x140.png 140w, https:\/\/sangritacastiza.com\/wp-content\/uploads\/2022\/08\/SangritaCastiza-355x357.png 355w, https:\/\/sangritacastiza.com\/wp-content\/uploads\/2022\/08\/SangritaCastiza-600x603.png 600w, https:\/\/sangritacastiza.com\/wp-content\/uploads\/2022\/08\/SangritaCastiza-60x60.png 60w, https:\/\/sangritacastiza.com\/wp-content\/uploads\/2022\/08\/SangritaCastiza-89x90.png 89w\" sizes=\"(max-width: 1040px) 100vw, 1040px\" \/><\/noscript>\t\t\t\t\t\t\t\t\t\t\t\t\t\t\t<\/div>\n\t\t\t\t<\/div>\n\t\t\t\t\t<\/div>\n\t\t<\/div>\n\t\t\t\t\t<\/div>\n\t\t<\/section>\n\t\t\t\t<section class=\"elementor-section elementor-inner-section elementor-element elementor-element-1da9b55 elementor-section-full_width elementor-section-content-middle elementor-reverse-mobile elementor-section-height-default elementor-section-height-default\" data-id=\"1da9b55\" data-element_type=\"section\" data-e-type=\"section\">\n\t\t\t\t\t\t<div class=\"elementor-container elementor-column-gap-default\">\n\t\t\t\t\t<div class=\"elementor-column elementor-col-50 elementor-inner-column elementor-element elementor-element-e294a7a\" data-id=\"e294a7a\" data-element_type=\"column\" data-e-type=\"column\" data-settings=\"{&quot;background_background&quot;:&quot;classic&quot;}\">\n\t\t\t<div class=\"elementor-widget-wrap elementor-element-populated\">\n\t\t\t\t\t\t<div class=\"elementor-element elementor-element-701fed1 elementor-widget elementor-widget-image\" data-id=\"701fed1\" data-element_type=\"widget\" data-e-type=\"widget\" data-widget_type=\"image.default\">\n\t\t\t\t<div class=\"elementor-widget-container\">\n\t\t\t\t\t\t\t\t\t\t\t\t\t\t\t<img decoding=\"async\" width=\"415\" height=\"467\" data-src=\"https:\/\/sangritacastiza.com\/wp-content\/uploads\/2020\/07\/nosotros_sangrita.png\" class=\"attachment-full size-full wp-image-132 lazyload\" alt=\"\" data-srcset=\"https:\/\/sangritacastiza.com\/wp-content\/uploads\/2020\/07\/nosotros_sangrita.png 415w, https:\/\/sangritacastiza.com\/wp-content\/uploads\/2020\/07\/nosotros_sangrita-300x338.png 300w, https:\/\/sangritacastiza.com\/wp-content\/uploads\/2020\/07\/nosotros_sangrita-267x300.png 267w, https:\/\/sangritacastiza.com\/wp-content\/uploads\/2020\/07\/nosotros_sangrita-355x399.png 355w\" data-sizes=\"(max-width: 415px) 100vw, 415px\" src=\"data:image\/gif;base64,R0lGODlhAQABAAAAACH5BAEKAAEALAAAAAABAAEAAAICTAEAOw==\" style=\"--smush-placeholder-width: 415px; --smush-placeholder-aspect-ratio: 415\/467;\" \/><noscript><img loading=\"lazy\" decoding=\"async\" width=\"415\" height=\"467\" src=\"https:\/\/sangritacastiza.com\/wp-content\/uploads\/2020\/07\/nosotros_sangrita.png\" class=\"attachment-full size-full wp-image-132\" alt=\"\" srcset=\"https:\/\/sangritacastiza.com\/wp-content\/uploads\/2020\/07\/nosotros_sangrita.png 415w, https:\/\/sangritacastiza.com\/wp-content\/uploads\/2020\/07\/nosotros_sangrita-300x338.png 300w, https:\/\/sangritacastiza.com\/wp-content\/uploads\/2020\/07\/nosotros_sangrita-267x300.png 267w, https:\/\/sangritacastiza.com\/wp-content\/uploads\/2020\/07\/nosotros_sangrita-355x399.png 355w\" sizes=\"(max-width: 415px) 100vw, 415px\" \/><\/noscript>\t\t\t\t\t\t\t\t\t\t\t\t\t\t\t<\/div>\n\t\t\t\t<\/div>\n\t\t\t\t\t<\/div>\n\t\t<\/div>\n\t\t\t\t<div class=\"elementor-column elementor-col-50 elementor-inner-column elementor-element elementor-element-777315c\" data-id=\"777315c\" data-element_type=\"column\" data-e-type=\"column\">\n\t\t\t<div class=\"elementor-widget-wrap elementor-element-populated\">\n\t\t\t\t\t\t<div class=\"elementor-element elementor-element-1443502 destacado elementor-widget elementor-widget-text-editor\" data-id=\"1443502\" data-element_type=\"widget\" data-e-type=\"widget\" data-widget_type=\"text-editor.default\">\n\t\t\t\t<div class=\"elementor-widget-container\">\n\t\t\t\t\t\t\t\t\t<p>Gourmet\u00a0<strong>great taste and body<\/strong><\/p>\t\t\t\t\t\t\t\t<\/div>\n\t\t\t\t<\/div>\n\t\t\t\t<div class=\"elementor-element elementor-element-f1997f2 elementor-widget elementor-widget-text-editor\" data-id=\"f1997f2\" data-element_type=\"widget\" data-e-type=\"widget\" data-widget_type=\"text-editor.default\">\n\t\t\t\t<div class=\"elementor-widget-container\">\n\t\t\t\t\t\t\t\t\t<p><b>Sangrita Castiza<\/b>\u00a0is a drink made from tomato and citrus juice, a mixture of chilies, spices and condiments.<\/p>\t\t\t\t\t\t\t\t<\/div>\n\t\t\t\t<\/div>\n\t\t\t\t<div class=\"elementor-element elementor-element-b0dd26a elementor-widget elementor-widget-image\" data-id=\"b0dd26a\" data-element_type=\"widget\" data-e-type=\"widget\" data-widget_type=\"image.default\">\n\t\t\t\t<div class=\"elementor-widget-container\">\n\t\t\t\t\t\t\t\t\t\t\t\t\t\t\t<img decoding=\"async\" width=\"726\" height=\"260\" data-src=\"https:\/\/sangritacastiza.com\/wp-content\/uploads\/2022\/08\/valor.jpg\" class=\"attachment-full size-full wp-image-1281 lazyload\" alt=\"\" data-srcset=\"https:\/\/sangritacastiza.com\/wp-content\/uploads\/2022\/08\/valor.jpg 726w, https:\/\/sangritacastiza.com\/wp-content\/uploads\/2022\/08\/valor-300x107.jpg 300w, https:\/\/sangritacastiza.com\/wp-content\/uploads\/2022\/08\/valor-18x6.jpg 18w\" data-sizes=\"(max-width: 726px) 100vw, 726px\" src=\"data:image\/gif;base64,R0lGODlhAQABAAAAACH5BAEKAAEALAAAAAABAAEAAAICTAEAOw==\" style=\"--smush-placeholder-width: 726px; --smush-placeholder-aspect-ratio: 726\/260;\" \/><noscript><img loading=\"lazy\" decoding=\"async\" width=\"726\" height=\"260\" src=\"https:\/\/sangritacastiza.com\/wp-content\/uploads\/2022\/08\/valor.jpg\" class=\"attachment-full size-full wp-image-1281\" alt=\"\" srcset=\"https:\/\/sangritacastiza.com\/wp-content\/uploads\/2022\/08\/valor.jpg 726w, https:\/\/sangritacastiza.com\/wp-content\/uploads\/2022\/08\/valor-300x107.jpg 300w, https:\/\/sangritacastiza.com\/wp-content\/uploads\/2022\/08\/valor-18x6.jpg 18w\" sizes=\"(max-width: 726px) 100vw, 726px\" \/><\/noscript>\t\t\t\t\t\t\t\t\t\t\t\t\t\t\t<\/div>\n\t\t\t\t<\/div>\n\t\t\t\t\t<\/div>\n\t\t<\/div>\n\t\t\t\t\t<\/div>\n\t\t<\/section>\n\t\t\t\t<div class=\"elementor-element elementor-element-f408245 eael-dual-header-content-align-center elementor-widget elementor-widget-eael-dual-color-header\" data-id=\"f408245\" data-element_type=\"widget\" data-e-type=\"widget\" data-widget_type=\"eael-dual-color-header.default\">\n\t\t\t\t<div class=\"elementor-widget-container\">\n\t\t\t\t\t\t\t\t<div class=\"eael-dual-header\">\n\t\t\t\t<h2 class=\"title eael-dch-title\"><span class=\"eael-dch-title-text eael-dch-title-lead lead solid-color\">#SangritaCastiza<\/span> <span class=\"eael-dch-title-text\">lovers<\/span><\/h2>\t\t\t<\/div>\n\n\t\t\t\t\t\t<\/div>\n\t\t\t\t<\/div>\n\t\t\t\t<div class=\"elementor-element elementor-element-4cd8307 elementor-widget elementor-widget-image\" data-id=\"4cd8307\" data-element_type=\"widget\" data-e-type=\"widget\" data-widget_type=\"image.default\">\n\t\t\t\t<div class=\"elementor-widget-container\">\n\t\t\t\t\t\t\t\t\t\t\t\t\t\t\t<img decoding=\"async\" width=\"142\" height=\"34\" data-src=\"https:\/\/sangritacastiza.com\/wp-content\/uploads\/2020\/07\/ico_tittle.png\" class=\"attachment-large size-large wp-image-185 lazyload\" alt=\"\" data-srcset=\"https:\/\/sangritacastiza.com\/wp-content\/uploads\/2020\/07\/ico_tittle.png 142w, https:\/\/sangritacastiza.com\/wp-content\/uploads\/2020\/07\/ico_tittle-140x34.png 140w\" data-sizes=\"(max-width: 142px) 100vw, 142px\" src=\"data:image\/gif;base64,R0lGODlhAQABAAAAACH5BAEKAAEALAAAAAABAAEAAAICTAEAOw==\" style=\"--smush-placeholder-width: 142px; --smush-placeholder-aspect-ratio: 142\/34;\" \/><noscript><img decoding=\"async\" width=\"142\" height=\"34\" data-src=\"https:\/\/sangritacastiza.com\/wp-content\/uploads\/2020\/07\/ico_tittle.png\" class=\"attachment-large size-large wp-image-185 lazyload\" alt=\"\" data-srcset=\"https:\/\/sangritacastiza.com\/wp-content\/uploads\/2020\/07\/ico_tittle.png 142w, https:\/\/sangritacastiza.com\/wp-content\/uploads\/2020\/07\/ico_tittle-140x34.png 140w\" data-sizes=\"(max-width: 142px) 100vw, 142px\" src=\"data:image\/gif;base64,R0lGODlhAQABAAAAACH5BAEKAAEALAAAAAABAAEAAAICTAEAOw==\" style=\"--smush-placeholder-width: 142px; --smush-placeholder-aspect-ratio: 142\/34;\" \/><noscript><img decoding=\"async\" width=\"142\" height=\"34\" src=\"https:\/\/sangritacastiza.com\/wp-content\/uploads\/2020\/07\/ico_tittle.png\" class=\"attachment-large size-large wp-image-185\" alt=\"\" srcset=\"https:\/\/sangritacastiza.com\/wp-content\/uploads\/2020\/07\/ico_tittle.png 142w, https:\/\/sangritacastiza.com\/wp-content\/uploads\/2020\/07\/ico_tittle-140x34.png 140w\" sizes=\"(max-width: 142px) 100vw, 142px\" \/><\/noscript><\/noscript>\t\t\t\t\t\t\t\t\t\t\t\t\t\t\t<\/div>\n\t\t\t\t<\/div>\n\t\t\t\t\t<\/div>\n\t\t<\/div>\n\t\t\t\t\t<\/div>\n\t\t<\/section>\n\t\t\t\t<\/div>","protected":false},"excerpt":{"rendered":"<p>Nuestro Origen El linaje original de la sangrita La\u00a0sangrita\u00a0es esa bebida t\u00edpica mexicana que suele acompa\u00f1ar al tequila cada que se sirve en un caballito, es casi como un ritual o si prefieres llamarlo as\u00ed: como una tradici\u00f3n. La leyenda nos dice que la\u00a0sangrita\u00a0es la dama consorte del tequila, la pareja elegante y discreta que [&hellip;]<\/p>\n","protected":false},"author":3,"featured_media":0,"parent":0,"menu_order":0,"comment_status":"closed","ping_status":"closed","template":"elementor_header_footer","meta":{"footnotes":""},"class_list":["post-1255","page","type-page","status-publish","hentry"],"_links":{"self":[{"href":"https:\/\/sangritacastiza.com\/en\/wp-json\/wp\/v2\/pages\/1255","targetHints":{"allow":["GET"]}}],"collection":[{"href":"https:\/\/sangritacastiza.com\/en\/wp-json\/wp\/v2\/pages"}],"about":[{"href":"https:\/\/sangritacastiza.com\/en\/wp-json\/wp\/v2\/types\/page"}],"author":[{"embeddable":true,"href":"https:\/\/sangritacastiza.com\/en\/wp-json\/wp\/v2\/users\/3"}],"replies":[{"embeddable":true,"href":"https:\/\/sangritacastiza.com\/en\/wp-json\/wp\/v2\/comments?post=1255"}],"version-history":[{"count":40,"href":"https:\/\/sangritacastiza.com\/en\/wp-json\/wp\/v2\/pages\/1255\/revisions"}],"predecessor-version":[{"id":1551,"href":"https:\/\/sangritacastiza.com\/en\/wp-json\/wp\/v2\/pages\/1255\/revisions\/1551"}],"wp:attachment":[{"href":"https:\/\/sangritacastiza.com\/en\/wp-json\/wp\/v2\/media?parent=1255"}],"curies":[{"name":"wp","href":"https:\/\/api.w.org\/{rel}","templated":true}]}}